{"id":4039,"date":"2024-05-13T13:00:27","date_gmt":"2024-05-13T12:00:27","guid":{"rendered":"https:\/\/mostra.enricoberlinguer.org\/?page_id=4039"},"modified":"2024-06-06T14:49:50","modified_gmt":"2024-06-06T13:49:50","slug":"nella-crisi-italiana-catalogo","status":"publish","type":"page","link":"https:\/\/enricoberlinguer.org\/Mostra\/nella-crisi-italiana-catalogo\/","title":{"rendered":"Nella crisi italiana"},"content":{"rendered":"<p><img decoding=\"async\" loading=\"lazy\" class=\" wp-image-1520 aligncenter\" src=\"https:\/\/enricoberlinguer.org\/Mostra\/wp-content\/uploads\/2023\/11\/IMG_INTRO_NELLA_CRISI_ITALIANA-300x149.jpg\" alt=\"\" width=\"1730\" height=\"860\" srcset=\"https:\/\/enricoberlinguer.org\/Mostra\/wp-content\/uploads\/2023\/11\/IMG_INTRO_NELLA_CRISI_ITALIANA-300x149.jpg 300w, https:\/\/enricoberlinguer.org\/Mostra\/wp-content\/uploads\/2023\/11\/IMG_INTRO_NELLA_CRISI_ITALIANA-768x381.jpg 768w\" sizes=\"(max-width: 1730px) 100vw, 1730px\" \/><\/p>\n<p>Berlinguer \u00e8 eletto segretario del Pci il 17 marzo 1972. La societ\u00e0 italiana \u00e8 attraversata da forti istanze di cambiamento, sollecitate dal \u201968 studentesco e dall\u2019\u201cAutunno caldo\u201d operaio del \u201969, ma \u00e8 anche scossa dallo stragismo neofascista. Con il compromesso storico, Berlinguer intende dare uno sbocco politico alla richiesta di rinnovamento e difendere le istituzioni repubblicane, rinsaldando i legami con le forze democratiche del Paese. Nel 1976 il Pci raggiunge il massimo storico dei consensi e per tre anni \u00e8 coinvolto nelle scelte dei governi nazionali senza farne parte formalmente. La stagione della solidariet\u00e0 democratica \u00e8 segnata da una profonda crisi economica internazionale e dalla sfida alla democrazia italiana mossa da pi\u00f9 parti, e in particolare dalle Br, che sfocia nel rapimento di Aldo Moro. Sono anche anni di riforme e sacrifici: le prime cambiano il volto del Welfare italiano, i secondi minano il consenso del Pci, che torna all\u2019opposizione nel 1979. I luoghi dell\u2019ultima stagione di Berlinguer sono i cancelli di Mirafiori, dove sostiene la lotta degli operai Fiat, e l\u2019Irpinia devastata dal terremoto, evento che segna il definitivo passaggio alla linea dell\u2019alternativa democratica. Nel 1984 Berlinguer schiera il Pci contro il ridimensionamento della scala mobile. Lo scontro tra Berlinguer e i governi di pentapartito \u00e8 al culmine, quando lo coglie la morte improvvisa.<\/p>\n<p>&nbsp;<\/p>\n<p>AUDIO<\/p>\n<h6>Democrazia italiana e democrazia interna &#8211; Estratto dalla relazione al XIII Congresso del Pci,\u00a0 Milano 13 marzo 1972<\/h6>\n<!--[if lt IE 9]><script>document.createElement('audio');<\/script><![endif]-->\n<audio class=\"wp-audio-shortcode\" id=\"audio-4039-1\" preload=\"none\" style=\"width: 100%;\" controls=\"controls\"><source type=\"audio\/mpeg\" src=\"https:\/\/enricoberlinguer.org\/Mostra\/wp-content\/uploads\/2024\/05\/XIII-Congresso-13-17-marzo-1972-Democrazia-italiana-e-interna.mp3?_=1\" \/><a href=\"https:\/\/enricoberlinguer.org\/Mostra\/wp-content\/uploads\/2024\/05\/XIII-Congresso-13-17-marzo-1972-Democrazia-italiana-e-interna.mp3\">https:\/\/enricoberlinguer.org\/Mostra\/wp-content\/uploads\/2024\/05\/XIII-Congresso-13-17-marzo-1972-Democrazia-italiana-e-interna.mp3<\/a><\/audio>\n<p>&nbsp;<\/p>\n<h6><strong>Sul divorzio &#8211; Estratto dal comizio alla manifestazione per il referendum sul divorzio, Roma 9 maggio 1974<\/strong><\/h6>\n<audio class=\"wp-audio-shortcode\" id=\"audio-4039-2\" preload=\"none\" style=\"width: 100%;\" controls=\"controls\"><source type=\"audio\/mpeg\" src=\"https:\/\/enricoberlinguer.org\/Mostra\/wp-content\/uploads\/2024\/05\/9-maggio-1974-Roma.-Manifestaz.-per-il-referendum.mp3?_=2\" \/><a href=\"https:\/\/enricoberlinguer.org\/Mostra\/wp-content\/uploads\/2024\/05\/9-maggio-1974-Roma.-Manifestaz.-per-il-referendum.mp3\">https:\/\/enricoberlinguer.org\/Mostra\/wp-content\/uploads\/2024\/05\/9-maggio-1974-Roma.-Manifestaz.-per-il-referendum.mp3<\/a><\/audio>\n<p>&nbsp;<\/p>\n<h6><strong>L\u2019indipendenza dell\u2019Italia e il compromesso storico &#8211; Estratto dalla relazione al XIV Congresso del PCI, Roma 18 marzo 1975<\/strong><\/h6>\n<audio class=\"wp-audio-shortcode\" id=\"audio-4039-3\" preload=\"none\" style=\"width: 100%;\" controls=\"controls\"><source type=\"audio\/mpeg\" src=\"https:\/\/enricoberlinguer.org\/Mostra\/wp-content\/uploads\/2024\/05\/XIV-Congresso-18-23-marzo-1975-indipendenza-Italia-e-compromesso-storico.mp3?_=3\" \/><a href=\"https:\/\/enricoberlinguer.org\/Mostra\/wp-content\/uploads\/2024\/05\/XIV-Congresso-18-23-marzo-1975-indipendenza-Italia-e-compromesso-storico.mp3\">https:\/\/enricoberlinguer.org\/Mostra\/wp-content\/uploads\/2024\/05\/XIV-Congresso-18-23-marzo-1975-indipendenza-Italia-e-compromesso-storico.mp3<\/a><\/audio>\n<p>&nbsp;<\/p>\n<h6><strong>Il bilancio dell\u2019Italia &#8211; Estratto dalla relazione al XVI Congresso del Pci, Milano 2 marzo 1983<\/strong><\/h6>\n<audio class=\"wp-audio-shortcode\" id=\"audio-4039-4\" preload=\"none\" style=\"width: 100%;\" controls=\"controls\"><source type=\"audio\/mpeg\" src=\"https:\/\/enricoberlinguer.org\/Mostra\/wp-content\/uploads\/2024\/05\/XVI-Congresso-2-6-marzo-1983-Il-bilancio-dellItalia.mp3?_=4\" \/><a href=\"https:\/\/enricoberlinguer.org\/Mostra\/wp-content\/uploads\/2024\/05\/XVI-Congresso-2-6-marzo-1983-Il-bilancio-dellItalia.mp3\">https:\/\/enricoberlinguer.org\/Mostra\/wp-content\/uploads\/2024\/05\/XVI-Congresso-2-6-marzo-1983-Il-bilancio-dellItalia.mp3<\/a><\/audio>\n<p>&nbsp;<\/p>\n<h6><strong>Sul decreto anti-inflazione &#8211; Estratto dalla dichiarazione di voto sul decreto anti-inflazione, Roma 23 maggio 1984<\/strong><\/h6>\n<audio class=\"wp-audio-shortcode\" id=\"audio-4039-5\" preload=\"none\" style=\"width: 100%;\" controls=\"controls\"><source type=\"audio\/mpeg\" src=\"https:\/\/enricoberlinguer.org\/Mostra\/wp-content\/uploads\/2024\/05\/23-maggio-1984-Discorso-Berlinguer-su-decreto-antinflazione-Dichiarazione-di-voto.mp3?_=5\" \/><a href=\"https:\/\/enricoberlinguer.org\/Mostra\/wp-content\/uploads\/2024\/05\/23-maggio-1984-Discorso-Berlinguer-su-decreto-antinflazione-Dichiarazione-di-voto.mp3\">https:\/\/enricoberlinguer.org\/Mostra\/wp-content\/uploads\/2024\/05\/23-maggio-1984-Discorso-Berlinguer-su-decreto-antinflazione-Dichiarazione-di-voto.mp3<\/a><\/audio>\n","protected":false},"excerpt":{"rendered":"<p>Berlinguer \u00e8 eletto segretario del Pci il 17 marzo 1972. La societ\u00e0 italiana \u00e8 attraversata da forti istanze di cambiamento, sollecitate dal \u201968 studentesco e dall\u2019\u201cAutunno caldo\u201d operaio del \u201969, ma \u00e8 anche scossa dallo stragismo neofascista. Con il compromesso storico, Berlinguer intende dare uno sbocco politico alla richiesta di rinnovamento e difendere le istituzioni [&hellip;]<\/p>\n","protected":false},"author":2,"featured_media":0,"parent":0,"menu_order":0,"comment_status":"closed","ping_status":"closed","template":"","meta":[],"_links":{"self":[{"href":"https:\/\/enricoberlinguer.org\/Mostra\/wp-json\/wp\/v2\/pages\/4039"}],"collection":[{"href":"https:\/\/enricoberlinguer.org\/Mostra\/wp-json\/wp\/v2\/pages"}],"about":[{"href":"https:\/\/enricoberlinguer.org\/Mostra\/wp-json\/wp\/v2\/types\/page"}],"author":[{"embeddable":true,"href":"https:\/\/enricoberlinguer.org\/Mostra\/wp-json\/wp\/v2\/users\/2"}],"replies":[{"embeddable":true,"href":"https:\/\/enricoberlinguer.org\/Mostra\/wp-json\/wp\/v2\/comments?post=4039"}],"version-history":[{"count":18,"href":"https:\/\/enricoberlinguer.org\/Mostra\/wp-json\/wp\/v2\/pages\/4039\/revisions"}],"predecessor-version":[{"id":4991,"href":"https:\/\/enricoberlinguer.org\/Mostra\/wp-json\/wp\/v2\/pages\/4039\/revisions\/4991"}],"wp:attachment":[{"href":"https:\/\/enricoberlinguer.org\/Mostra\/wp-json\/wp\/v2\/media?parent=4039"}],"curies":[{"name":"wp","href":"https:\/\/api.w.org\/{rel}","templated":true}]}}